{"id":274,"date":"2016-04-05T15:48:46","date_gmt":"2016-04-05T13:48:46","guid":{"rendered":"http:\/\/blog.nimmerfall.info\/wpm\/?page_id=274"},"modified":"2016-04-07T16:29:34","modified_gmt":"2016-04-07T14:29:34","slug":"wikis","status":"publish","type":"page","link":"http:\/\/blog.nimmerfall.info\/wpm\/wikis\/","title":{"rendered":"Wikis"},"content":{"rendered":"<blockquote><p>&#8222;Dies sind Webseiten, auf denen Leserinnen und Leser Inhalte auch bearbeiten oder selbst erstellen sowie die Navigationshierarchie ver\u00e4ndern k\u00f6nnen. Texte werden auf diese Weise von einer kollektiven Autorenschaft geschrieben. Wikis stellen damit gewisserma\u00dfen ein gemeinsames Web-Content-Mangagement-System dar, das die gemeinsame Bearbeitung von Webseiten erm\u00f6glicht und vereinfacht.&#8220; (Petko, 2014, S. 55)<\/p>\n<p>Bekannt sind Wikis vor allem durch die bekannte Online-Enzyklop\u00e4die Wikipedia. Das System beruht auf einer freien Software. Ein Derivat des &#8222;gro\u00dfen Bruders&#8220; stellt hier die freie Variante <a href=\"https:\/\/www.mediawiki.org\/wiki\/MediaWiki\" target=\"_blank\">MediaWiki <\/a>dar.<\/p>\n<p>F\u00fcr technisch weniger versierte Anwender\/innen, die gerne mit Wikis im Unterricht arbeiten m\u00f6chten, gibt es die M\u00f6glichkeit, sich kostenlos auf der amerikanischen Plattform <a href=\"https:\/\/www.wikispaces.com\/\" target=\"_blank\">Wikispaces <\/a>anzumelden und dort mehrere (von einander unabh\u00e4ngige) Wikis anzulegen, die Lernenden entweder per CSV-Datei einzuspielen oder via Einladungsmail redaktionell in das System zu bringen.<\/p>\n<p>Ein weiterer kostenloser Anbieter f\u00fcr das Arbeiten mit Wikis ist <a href=\"https:\/\/www.pbworks.com\/wikis.html\" target=\"_blank\">PBWorks<\/a>, der ein \u00e4hnliches Leistungsspektrum anbietet wie Wikispaces.<\/p>\n<p>Eine Publikation, die sich mit den schulischen Einsatzm\u00f6glichkeiten von Wikis besch\u00e4ftigt, wurde von Michele Notari &amp; Beat D\u00f6beli Honegger unter dem Titel &#8222;Der Wiki-Weg des Lernens&#8220; ver\u00f6ffentlicht. Die Publikation kann auf der <a href=\"http:\/\/buch.wikiway.ch\/\" target=\"_blank\">gleichnamigen Website<\/a> kostenlos als PDF oder als kostenpflichtige, gedruckte Version bezogen werden.<\/p><\/blockquote>\n<p>Zitierte Literatur:<\/p>\n<div class=\"csl-bib-body\">\n<div class=\"csl-entry\">Petko, D. (2014). <i>Einf\u00fchrung in die Mediendidaktik: Lehren und Lernen mit digitalen Medien<\/i> (1. Aufl.). Weinheim, Bergstr: Beltz.<\/div>\n<\/div>\n","protected":false},"excerpt":{"rendered":"<p>&#8222;Dies sind Webseiten, auf denen Leserinnen und Leser Inhalte auch bearbeiten oder selbst erstellen sowie die Navigationshierarchie ver\u00e4ndern k\u00f6nnen. Texte werden auf diese Weise von einer kollektiven Autorenschaft geschrieben. Wikis stellen damit gewisserma\u00dfen ein gemeinsames Web-Content-Mangagement-System dar, das die gemeinsame Bearbeitung von Webseiten erm\u00f6glicht und vereinfacht.&#8220; (Petko, 2014, S. 55) Bekannt sind Wikis vor allem &#8230;<a class=\"post-readmore\" href=\"http:\/\/blog.nimmerfall.info\/wpm\/wikis\/\">read more<\/a><\/p>\n","protected":false},"author":1,"featured_media":0,"parent":0,"menu_order":0,"comment_status":"closed","ping_status":"closed","template":"","meta":[],"_links":{"self":[{"href":"http:\/\/blog.nimmerfall.info\/wpm\/wp-json\/wp\/v2\/pages\/274"}],"collection":[{"href":"http:\/\/blog.nimmerfall.info\/wpm\/wp-json\/wp\/v2\/pages"}],"about":[{"href":"http:\/\/blog.nimmerfall.info\/wpm\/wp-json\/wp\/v2\/types\/page"}],"author":[{"embeddable":true,"href":"http:\/\/blog.nimmerfall.info\/wpm\/wp-json\/wp\/v2\/users\/1"}],"replies":[{"embeddable":true,"href":"http:\/\/blog.nimmerfall.info\/wpm\/wp-json\/wp\/v2\/comments?post=274"}],"version-history":[{"count":6,"href":"http:\/\/blog.nimmerfall.info\/wpm\/wp-json\/wp\/v2\/pages\/274\/revisions"}],"predecessor-version":[{"id":285,"href":"http:\/\/blog.nimmerfall.info\/wpm\/wp-json\/wp\/v2\/pages\/274\/revisions\/285"}],"wp:attachment":[{"href":"http:\/\/blog.nimmerfall.info\/wpm\/wp-json\/wp\/v2\/media?parent=274"}],"curies":[{"name":"wp","href":"https:\/\/api.w.org\/{rel}","templated":true}]}}