{"id":280,"date":"2016-04-07T16:27:56","date_gmt":"2016-04-07T14:27:56","guid":{"rendered":"http:\/\/blog.nimmerfall.info\/wpm\/?page_id=280"},"modified":"2016-04-07T16:30:04","modified_gmt":"2016-04-07T14:30:04","slug":"weblogblog","status":"publish","type":"page","link":"http:\/\/blog.nimmerfall.info\/wpm\/weblogblog\/","title":{"rendered":"Weblog\/Blog"},"content":{"rendered":"<blockquote><p>&#8222;Dabei handelt es sich um pers\u00f6nliche Online-Tageb\u00fccher in Form einer chronologisch geordneten Webseite.<br \/>\nNeueste Eintr\u00e4ge erscheinen in einem Blog zuoberst, \u00e4ltere Beitr\u00e4ge r\u00fccken nach und nach weiter nach unten, bis sie in einem nachMonaten und Jahren gegliedertenArchiv abgelegt werden. Zum F\u00fchren von Weblogs existieren spezielle Content-Management-Systeme (z.B. WordPress), die einen Einsatz ohne gro\u00dfe technische Kenntnisse erm\u00f6glichen. Weblogs k\u00f6nnen auf verschiedene Weise in Bildungskontexten genutzt werden (Downes, 2004; Sim&amp;Hew, 2010; Petko, 2013). Die Vorteile vonWeblogs gegen\u00fcber Lerntageb\u00fcchern auf Papier liegen darin, dass in Weblogs multimediale Elemente wie Tondokumente oder Videos eingebunden werden k\u00f6nnen.<br \/>\nWeblog-Eintr\u00e4ge lassen sich zudem mittels Kategorien und Schlagw\u00f6rtern gliedern. Der wichtigste Vorteil von Weblogs liegt jedoch in ihrer Online-Verf\u00fcgbarkeit. Dadurch k\u00f6nnen Eintr\u00e4ge von anderen Lernenden oder Lehrpersonen gelesen, verlinkt und kommentiert werden.&#8220; (Petko, 2014)<\/p><\/blockquote>\n<p>Zitierte Literatur:<\/p>\n<div class=\"csl-bib-body\">\n<div class=\"csl-entry\">Petko, D. (2014). <i>Einf\u00fchrung in die Mediendidaktik: Lehren und Lernen mit digitalen Medien<\/i> (1. Aufl.). Weinheim, Bergstr: Beltz.<\/div>\n<\/div>\n","protected":false},"excerpt":{"rendered":"<p>&#8222;Dabei handelt es sich um pers\u00f6nliche Online-Tageb\u00fccher in Form einer chronologisch geordneten Webseite. Neueste Eintr\u00e4ge erscheinen in einem Blog zuoberst, \u00e4ltere Beitr\u00e4ge r\u00fccken nach und nach weiter nach unten, bis sie in einem nachMonaten und Jahren gegliedertenArchiv abgelegt werden. Zum F\u00fchren von Weblogs existieren spezielle Content-Management-Systeme (z.B. WordPress), die einen Einsatz ohne gro\u00dfe technische Kenntnisse &#8230;<a class=\"post-readmore\" href=\"http:\/\/blog.nimmerfall.info\/wpm\/weblogblog\/\">read more<\/a><\/p>\n","protected":false},"author":1,"featured_media":0,"parent":0,"menu_order":0,"comment_status":"closed","ping_status":"closed","template":"","meta":[],"_links":{"self":[{"href":"http:\/\/blog.nimmerfall.info\/wpm\/wp-json\/wp\/v2\/pages\/280"}],"collection":[{"href":"http:\/\/blog.nimmerfall.info\/wpm\/wp-json\/wp\/v2\/pages"}],"about":[{"href":"http:\/\/blog.nimmerfall.info\/wpm\/wp-json\/wp\/v2\/types\/page"}],"author":[{"embeddable":true,"href":"http:\/\/blog.nimmerfall.info\/wpm\/wp-json\/wp\/v2\/users\/1"}],"replies":[{"embeddable":true,"href":"http:\/\/blog.nimmerfall.info\/wpm\/wp-json\/wp\/v2\/comments?post=280"}],"version-history":[{"count":5,"href":"http:\/\/blog.nimmerfall.info\/wpm\/wp-json\/wp\/v2\/pages\/280\/revisions"}],"predecessor-version":[{"id":286,"href":"http:\/\/blog.nimmerfall.info\/wpm\/wp-json\/wp\/v2\/pages\/280\/revisions\/286"}],"wp:attachment":[{"href":"http:\/\/blog.nimmerfall.info\/wpm\/wp-json\/wp\/v2\/media?parent=280"}],"curies":[{"name":"wp","href":"https:\/\/api.w.org\/{rel}","templated":true}]}}